{"id":16,"date":"2012-03-19T19:08:48","date_gmt":"2012-03-19T19:08:48","guid":{"rendered":"http:\/\/weinbaugemeinschaft-diesbar-seusslitz.de\/?page_id=16"},"modified":"2025-09-10T11:53:54","modified_gmt":"2025-09-10T11:53:54","slug":"impressum","status":"publish","type":"page","link":"https:\/\/www.weinbaugemeinschaft-diesbar-seusslitz.de\/?page_id=16","title":{"rendered":"Impressum"},"content":{"rendered":"<p>Ansprechpartner f\u00fcr die Internetpr\u00e4senz:<\/p>\n<address>Weinbaugemeinschaft Diesbar-Seu\u00dflitz e.V.<br \/>\nRingstra\u00dfe 1a<br \/>\n01665 Diera-Zehren OT Niesch\u00fctz<\/address>\n","protected":false},"excerpt":{"rendered":"<p>Ansprechpartner f\u00fcr die Internetpr\u00e4senz: Weinbaugemeinschaft Diesbar-Seu\u00dflitz e.V. Ringstra\u00dfe 1a 01665 Diera-Zehren OT Niesch\u00fctz<\/p>\n","protected":false},"author":1,"featured_media":0,"parent":0,"menu_order":30,"comment_status":"closed","ping_status":"closed","template":"","meta":{"footnotes":""},"class_list":["post-16","page","type-page","status-publish","hentry"],"_links":{"self":[{"href":"https:\/\/www.weinbaugemeinschaft-diesbar-seusslitz.de\/index.php?rest_route=\/wp\/v2\/pages\/16","targetHints":{"allow":["GET"]}}],"collection":[{"href":"https:\/\/www.weinbaugemeinschaft-diesbar-seusslitz.de\/index.php?rest_route=\/wp\/v2\/pages"}],"about":[{"href":"https:\/\/www.weinbaugemeinschaft-diesbar-seusslitz.de\/index.php?rest_route=\/wp\/v2\/types\/page"}],"author":[{"embeddable":true,"href":"https:\/\/www.weinbaugemeinschaft-diesbar-seusslitz.de\/index.php?rest_route=\/wp\/v2\/users\/1"}],"replies":[{"embeddable":true,"href":"https:\/\/www.weinbaugemeinschaft-diesbar-seusslitz.de\/index.php?rest_route=%2Fwp%2Fv2%2Fcomments&post=16"}],"version-history":[{"count":11,"href":"https:\/\/www.weinbaugemeinschaft-diesbar-seusslitz.de\/index.php?rest_route=\/wp\/v2\/pages\/16\/revisions"}],"predecessor-version":[{"id":742,"href":"https:\/\/www.weinbaugemeinschaft-diesbar-seusslitz.de\/index.php?rest_route=\/wp\/v2\/pages\/16\/revisions\/742"}],"wp:attachment":[{"href":"https:\/\/www.weinbaugemeinschaft-diesbar-seusslitz.de\/index.php?rest_route=%2Fwp%2Fv2%2Fmedia&parent=16"}],"curies":[{"name":"wp","href":"https:\/\/api.w.org\/{rel}","templated":true}]}}