{"id":21,"date":"2012-03-19T19:10:45","date_gmt":"2012-03-19T19:10:45","guid":{"rendered":"http:\/\/weinbaugemeinschaft-diesbar-seusslitz.de\/?page_id=21"},"modified":"2024-08-22T11:02:15","modified_gmt":"2024-08-22T11:02:15","slug":"uber-uns","status":"publish","type":"page","link":"https:\/\/www.weinbaugemeinschaft-diesbar-seusslitz.de\/?page_id=21","title":{"rendered":"\u00dcber Uns"},"content":{"rendered":"<p>Auszug aus der Satzung:<\/p>\n<p>Die Weinbaugemeinschaft hat ihren Sitz in Diesbar-Seu\u00dflitz, direkt an der 55 km langen S\u00e4chsischen Weinstra\u00dfe, beginnend von Diesbar-Seu\u00dflitz bis Pirna.<\/p>\n<p>Die S\u00e4chsische Weinbauregion ist mit 509 ha Rebfl\u00e4che in Deutschland eine sehr kleine Anbaufl\u00e4che, aber sie geh\u00f6rt mit ihren rund 50 Weinbergen in Steillagen wohl zu den sch\u00f6nsten Kulturlandschaften Deutschlands. Die Ertragsfl\u00e4che von ca. 473 ha erstreckt sich vom Freistaat Sachsen bis hin zu den Gebieten Jessen in Sachsen-Anhalt und Schlieben in Brandenburg. Auf den rund 500 Hektar Land gedeihen in Sachsen vor allem wei\u00dfe Rebsorten. Als bedeutendste Rebsorte f\u00fchrt M\u00fcller-Thurgau die Rangliste an. Ihm folgen Riesling, Wei\u00dfburgunder, Grauburgunder, Kerner und Goldriesling. Unter den Rotweinen in der Region spielen Sp\u00e4tburgunder und Dornfelder die tragende Rollen.<\/p>\n<p>Untrennbares Element des Steillagenweinbaus sind die meist \u00fcber 400 Jahre alten Terrassenweinbergsmauern, die neben der St\u00fctzfunktion und ihrem kulturhistorischen und landwirtschaftlichen Wert auch naturschutzfachlich von gro\u00dfer Bedeutung z.B. als Biotop sind.<\/p>\n<p>Weinbergsmauern pr\u00e4gen die Kulturlandschaft des Elbtales &#8211; sie sind wertvoller Lebensraum f\u00fcr Tiere und Pflanzen und Bestandteil unseres au\u00dfergew\u00f6hnlichen Lebens- und Arbeitsumfeldes.<\/p>\n<p>Auf den Terrassen werden hohe Weinqualit\u00e4ten erzeugt. Sie zu erhalten und die vielen Kleinwinzer dabei nicht allein zu lassen, das geht uns alle an.<\/p>\n<p>Im Bewusstsein um dieses au\u00dfergew\u00f6hnliche regional-kulturelle Erbe &#8211; den \u201eSteillagenweinbau\u201c mit seinen Terrassenweinbergsmauern \u2013 engagiert sich die \u201eWeinbaugemeinschaft Diesbar-Seu\u00dflitz e.V.\u201c.<\/p>\n<p>Bei unseren gro\u00dfen Veranstaltungen (Gl\u00fchweinmeile, Weinfr\u00fchling und Federwei\u00dfermeile) arbeiten stets eng mit den S\u00e4chsischen Elbweind\u00f6rfer zusammen, Vorstandsvorsitzende Frau Lehmann. Link: www.weindoerfer.de<\/p>\n<p>Zu bemerken ist, dass wir seit 2023 Mitglied beim Weinbauverband Sachsen e.V. sind. Link: www.weinbauverband-sachsen.de<\/p>\n<p>&nbsp;<\/p>\n","protected":false},"excerpt":{"rendered":"<p>Auszug aus der Satzung: Die Weinbaugemeinschaft hat ihren Sitz in Diesbar-Seu\u00dflitz, direkt an der 55 km langen S\u00e4chsischen Weinstra\u00dfe, beginnend von Diesbar-Seu\u00dflitz bis Pirna. Die S\u00e4chsische Weinbauregion ist mit 509 ha Rebfl\u00e4che in Deutschland eine sehr kleine Anbaufl\u00e4che, aber sie geh\u00f6rt mit ihren rund 50 Weinbergen in Steillagen wohl zu den sch\u00f6nsten Kulturlandschaften Deutschlands. Die [&hellip;]<\/p>\n","protected":false},"author":1,"featured_media":0,"parent":0,"menu_order":10,"comment_status":"closed","ping_status":"closed","template":"","meta":{"footnotes":""},"class_list":["post-21","page","type-page","status-publish","hentry"],"_links":{"self":[{"href":"https:\/\/www.weinbaugemeinschaft-diesbar-seusslitz.de\/index.php?rest_route=\/wp\/v2\/pages\/21","targetHints":{"allow":["GET"]}}],"collection":[{"href":"https:\/\/www.weinbaugemeinschaft-diesbar-seusslitz.de\/index.php?rest_route=\/wp\/v2\/pages"}],"about":[{"href":"https:\/\/www.weinbaugemeinschaft-diesbar-seusslitz.de\/index.php?rest_route=\/wp\/v2\/types\/page"}],"author":[{"embeddable":true,"href":"https:\/\/www.weinbaugemeinschaft-diesbar-seusslitz.de\/index.php?rest_route=\/wp\/v2\/users\/1"}],"replies":[{"embeddable":true,"href":"https:\/\/www.weinbaugemeinschaft-diesbar-seusslitz.de\/index.php?rest_route=%2Fwp%2Fv2%2Fcomments&post=21"}],"version-history":[{"count":6,"href":"https:\/\/www.weinbaugemeinschaft-diesbar-seusslitz.de\/index.php?rest_route=\/wp\/v2\/pages\/21\/revisions"}],"predecessor-version":[{"id":702,"href":"https:\/\/www.weinbaugemeinschaft-diesbar-seusslitz.de\/index.php?rest_route=\/wp\/v2\/pages\/21\/revisions\/702"}],"wp:attachment":[{"href":"https:\/\/www.weinbaugemeinschaft-diesbar-seusslitz.de\/index.php?rest_route=%2Fwp%2Fv2%2Fmedia&parent=21"}],"curies":[{"name":"wp","href":"https:\/\/api.w.org\/{rel}","templated":true}]}}