{"id":24,"date":"2012-03-23T17:02:46","date_gmt":"2012-03-23T17:02:46","guid":{"rendered":"http:\/\/weinbaugemeinschaft-diesbar-seusslitz.de\/?page_id=24"},"modified":"2026-05-04T19:31:45","modified_gmt":"2026-05-04T19:31:45","slug":"startseite","status":"publish","type":"page","link":"https:\/\/www.weinbaugemeinschaft-diesbar-seusslitz.de\/","title":{"rendered":"Neuigkeiten aus den Elbweind\u00f6rfern"},"content":{"rendered":"\n<div class=\"wp-block-group\"><div class=\"wp-block-group__inner-container is-layout-constrained wp-block-group-is-layout-constrained\">\n<h3><strong>Fr\u00fchlingsgef\u00fchle sind unterwegs im Elbtal<\/strong><\/h3>\n<h4><strong>&#8212;&#8212;&#8212;&#8212;&#8212;&#8212;&#8212;&#8212;&#8212;&#8212;<wbr \/>&#8212;&#8212;&#8212;&#8212;&#8212;&#8212;&#8212;&#8212;&#8212;&#8212;<wbr \/>&#8212;&#8212;&#8212;<\/strong><\/h4>\n<h4><strong>Wir starteten das Jahr mit dem traditionellen Kamingl\u00fchen Anfang Januar. Das ist immer wieder sehr gem\u00fctlich und der Kamin knistert nur so neben fachm\u00e4nnischen Gespr\u00e4chen zum Wein. Die winterlichen Momente sind nun (Gott sei Dank) vorbei und wir erfreuen uns der ersten Sonnenstrahlen. Wie der Wettergott das immer so macht. Die ersten Fr\u00fchlingsbl\u00fcher zeigen sich auf den Wiesen, Weinbergen und den Wanderwegen. Die Menschen sind beschwingt und haben gute Laune.<\/strong><\/h4>\n<h4><strong>Es war schon das erste gro\u00dfe Fest in dem sch\u00f6nen Elbweindorf. Die Gl\u00fchweinmeile am 07.+08. Februar war ein voller Erfolg. Das Wetter war zwar wieder etwas gemischt. Aber das k\u00f6nnen wir nicht beeinflussen. Und nach den frostigen Monaten ist endlich der Rebschnitt dran. Die Vereinsschulung zum Rebschnitt war am 14.02.2026 und es waren wieder ein paar Interessierte am Landgasthof Zum Ro\u00df um anzutreffen. Unser Vorsitzender und Fachmann Herr Koch (Weinbau 8 Zeilen) hat den G\u00e4sten und Mitgliedern alles bis ins Detail erkl\u00e4rt.<\/strong><\/h4>\n<h4><strong>\u00a0Das n\u00e4chste gro\u00dfe Event ist unser Weinfr\u00fchling 14.05.2026, der am M\u00e4nnertag\/Himmelfahrtstag stattfindet. Wer Lust hat und unsere Region kennenlernen m\u00f6chte, kann gern an dem Tag vorbeikommen. Auch Ortsweink\u00f6nigin und Bacchus werden Sie sicher auf einem der Wanderwege, Strau\u00dfwirtschaften oder Weing\u00fcter\/Restaurants antreffen.<\/strong><\/h4>\n<h4><strong>Der Vorstand der Weinbaugemeinschaft w\u00fcnscht allen Mitgliedern, allen Weininteressierten seinen sch\u00f6nen Fr\u00fchling und hoffen, dass der Frost fernbleibt!<\/strong><\/h4>\n<h3><b>\u00a0<\/b><\/h3>\n<p><a href=\"http:\/\/www.weinbaugemeinschaft-diesbar-seusslitz.de\/wp-content\/uploads\/2026\/05\/IMG-20260425-WA0004.jpg\"><img loading=\"lazy\" decoding=\"async\" class=\"alignnone wp-image-779 \" src=\"http:\/\/www.weinbaugemeinschaft-diesbar-seusslitz.de\/wp-content\/uploads\/2026\/05\/IMG-20260425-WA0004-225x300.jpg\" alt=\"\" width=\"316\" height=\"421\" srcset=\"https:\/\/www.weinbaugemeinschaft-diesbar-seusslitz.de\/wp-content\/uploads\/2026\/05\/IMG-20260425-WA0004-225x300.jpg 225w, https:\/\/www.weinbaugemeinschaft-diesbar-seusslitz.de\/wp-content\/uploads\/2026\/05\/IMG-20260425-WA0004-768x1024.jpg 768w, https:\/\/www.weinbaugemeinschaft-diesbar-seusslitz.de\/wp-content\/uploads\/2026\/05\/IMG-20260425-WA0004-1152x1536.jpg 1152w, https:\/\/www.weinbaugemeinschaft-diesbar-seusslitz.de\/wp-content\/uploads\/2026\/05\/IMG-20260425-WA0004.jpg 1536w\" sizes=\"auto, (max-width: 316px) 100vw, 316px\" \/>\u00a0 \u00a0 \u00a0 \u00a0 \u00a0 \u00a0 \u00a0 \u00a0 \u00a0 \u00a0 \u00a0<\/a><a href=\"http:\/\/www.weinbaugemeinschaft-diesbar-seusslitz.de\/wp-content\/uploads\/2026\/05\/20260425_115258-scaled.jpg\"><img loading=\"lazy\" decoding=\"async\" class=\"alignnone wp-image-778 \" src=\"http:\/\/www.weinbaugemeinschaft-diesbar-seusslitz.de\/wp-content\/uploads\/2026\/05\/20260425_115258-300x225.jpg\" alt=\"\" width=\"384\" height=\"288\" srcset=\"https:\/\/www.weinbaugemeinschaft-diesbar-seusslitz.de\/wp-content\/uploads\/2026\/05\/20260425_115258-300x225.jpg 300w, https:\/\/www.weinbaugemeinschaft-diesbar-seusslitz.de\/wp-content\/uploads\/2026\/05\/20260425_115258-1024x768.jpg 1024w, https:\/\/www.weinbaugemeinschaft-diesbar-seusslitz.de\/wp-content\/uploads\/2026\/05\/20260425_115258-768x576.jpg 768w, https:\/\/www.weinbaugemeinschaft-diesbar-seusslitz.de\/wp-content\/uploads\/2026\/05\/20260425_115258-1536x1152.jpg 1536w, https:\/\/www.weinbaugemeinschaft-diesbar-seusslitz.de\/wp-content\/uploads\/2026\/05\/20260425_115258-2048x1536.jpg 2048w\" sizes=\"auto, (max-width: 384px) 100vw, 384px\" \/>\u00a0 \u00a0 \u00a0 \u00a0 \u00a0 \u00a0 \u00a0 \u00a0 \u00a0 \u00a0 \u00a0 \u00a0 \u00a0 \u00a0 \u00a0 \u00a0 \u00a0 \u00a0 \u00a0 \u00a0 \u00a0 \u00a0 \u00a0 \u00a0 \u00a0 <\/a><a href=\"http:\/\/www.weinbaugemeinschaft-diesbar-seusslitz.de\/wp-content\/uploads\/2026\/05\/20260425_141327-scaled.jpg\"><img loading=\"lazy\" decoding=\"async\" class=\"alignnone wp-image-782 \" src=\"http:\/\/www.weinbaugemeinschaft-diesbar-seusslitz.de\/wp-content\/uploads\/2026\/05\/20260425_141327-300x225.jpg\" alt=\"\" width=\"388\" height=\"291\" srcset=\"https:\/\/www.weinbaugemeinschaft-diesbar-seusslitz.de\/wp-content\/uploads\/2026\/05\/20260425_141327-300x225.jpg 300w, https:\/\/www.weinbaugemeinschaft-diesbar-seusslitz.de\/wp-content\/uploads\/2026\/05\/20260425_141327-1024x768.jpg 1024w, https:\/\/www.weinbaugemeinschaft-diesbar-seusslitz.de\/wp-content\/uploads\/2026\/05\/20260425_141327-768x576.jpg 768w, https:\/\/www.weinbaugemeinschaft-diesbar-seusslitz.de\/wp-content\/uploads\/2026\/05\/20260425_141327-1536x1152.jpg 1536w, https:\/\/www.weinbaugemeinschaft-diesbar-seusslitz.de\/wp-content\/uploads\/2026\/05\/20260425_141327-2048x1536.jpg 2048w\" sizes=\"auto, (max-width: 388px) 100vw, 388px\" \/><\/a><\/p>\n<p>&nbsp;<\/p>\n<h4 style=\"text-align: center;\">*************************************************************************************************************<\/h4>\n<h2 style=\"text-align: center;\"><span style=\"color: #ff0000;\">Unsere Heinrichsburg &#8211; Weinausstellung und Ausschank <\/span><\/h2>\n<h2 style=\"text-align: center;\"><span style=\"color: #ff0000;\">regionaler Qualit\u00e4tsweine<\/span><\/h2>\n<p style=\"font-weight: 400;\">Unser Vereinshaus ist dieses Jahr ab dem <strong>27.04.2025<\/strong>\u00a0wieder<strong> jeden Sonntag<\/strong> f\u00fcr Sie ge\u00f6ffnet. Es ist unsere kleine Weinausstellung zu sehen. Au\u00dferdem gibt es noch die M\u00f6glichkeit, sich mit dem gr\u00f6\u00dften Korkenzieher der Region fotografieren zu lassen. Wer Zeit und Lust hat und gern einen S\u00e4chsischen Wein probieren mag, kann gerne zu uns kommen. Wir freuen uns auf alle Wanderer, Natur- und Weinliebhaber, Weininteressierte und alle, die es noch werden m\u00f6chten.<\/p>\n<p>Die Heinrichsburg ist sonntags in der Zeit von 13 bis 16 Uhr ge\u00f6ffnet. Unsere Vereinsmitglieder und Freunde und Bekannte\u00a0 begr\u00fc\u00dfen Sie sonnt\u00e4glich bis in den Oktober hinein, je nach Wetterlage!<\/p>\n<h4 style=\"text-align: center;\">\u00a0*************************************************************************************************************<\/h4>\n<h2 style=\"text-align: center; padding-left: 40px;\"><span style=\"color: #008000;\">Diesbar-Seu\u00dflitz erh\u00e4lt am 15.07.2020 den 1. Platz f\u00fcr die sch\u00f6nste Wein-Aussicht Sachsens!\u00a0<\/span><\/h2>\n<h4 style=\"text-align: center;\"><strong><span style=\"color: #ff6600;\"><a href=\"http:\/\/www.weinbaugemeinschaft-diesbar-seusslitz.de\/wp-content\/uploads\/2020\/08\/IMG-20200716-WA0004.jpg\"><img loading=\"lazy\" decoding=\"async\" class=\"alignnone  wp-image-496\" src=\"http:\/\/www.weinbaugemeinschaft-diesbar-seusslitz.de\/wp-content\/uploads\/2020\/08\/IMG-20200716-WA0004-300x216.jpg\" alt=\"\" width=\"450\" height=\"324\" srcset=\"https:\/\/www.weinbaugemeinschaft-diesbar-seusslitz.de\/wp-content\/uploads\/2020\/08\/IMG-20200716-WA0004-300x216.jpg 300w, https:\/\/www.weinbaugemeinschaft-diesbar-seusslitz.de\/wp-content\/uploads\/2020\/08\/IMG-20200716-WA0004-768x554.jpg 768w, https:\/\/www.weinbaugemeinschaft-diesbar-seusslitz.de\/wp-content\/uploads\/2020\/08\/IMG-20200716-WA0004-1024x739.jpg 1024w, https:\/\/www.weinbaugemeinschaft-diesbar-seusslitz.de\/wp-content\/uploads\/2020\/08\/IMG-20200716-WA0004.jpg 1080w\" sizes=\"auto, (max-width: 450px) 100vw, 450px\" \/><\/a><\/span><\/strong><\/h4>\n<pre style=\"text-align: center; padding-left: 40px;\"><span style=\"color: #000000;\">Foto: WBG Diesbar-Seu\u00dflitz e.V.\n\n*************************************************************************************************<\/span><\/pre>\n<h2 id=\"page-title\" class=\"language\" style=\"text-align: center;\"><span style=\"color: #008000;\">Neuigkeiten zum Steillagenweinbau in Sachsen<\/span><\/h2>\n<h2 style=\"text-align: center;\"><span style=\"color: #008000;\">Siehe Artikel:<\/span><\/h2>\n<h2 style=\"text-align: center;\"><a href=\"https:\/\/publikationen.sachsen.de\/bdb\/artikel\/41573\">http:\\\\publikationen.sachsen.de\/bdb\/artikel\/41573<\/a><\/h2>\n<pre style=\"text-align: center; padding-left: 40px;\"><span style=\"color: #000000;\">\u00a0<\/span><\/pre>\n<h6 style=\"text-align: center; padding-left: 40px;\"><span style=\"color: #008000;\"><strong>S<\/strong><\/span><strong><span style=\"color: #ff6600;\"><span style=\"color: #008000;\">achsens Weink\u00f6nigin Katja B\u00f6hme (links unten) mit ihrer Tochter Lilli, die s\u00e4chsische Weinprinzessin Ann-Kathrin Schatzl (links oben) und die ehemalige Diesbar-Seu\u00dflitzer Ortsweink\u00f6nigin Lisa-Marie I. schauen durch das neue Wahrzeichen des Ortes! Mit dabei Bacchus von der Partie, der ortsans\u00e4ssige Bacchus und Begleiter unserer Ortsweink\u00f6nigin.\u00a0<\/span><br \/><\/span><\/strong><\/h6>\n<h4 style=\"text-align: center; padding-left: 40px;\">*<\/h4>\n<h5 class=\"zitat\" style=\"text-align: center;\">&#8222;Nichts macht mit der Landschaft vertrauter, als der\u00a0Genuss der Weine, die auf ihrer Erde gewachsen und von ihrer Sonne durchleuchtet sind.&#8220;<\/h5>\n<h5 class=\"zitatautor\" style=\"text-align: center;\">(Ernst J\u00fcnger, Schriftsteller und Philosoph, 1895-1998)<\/h5>\n<h5 style=\"text-align: center;\"><strong>\u00a0<\/strong><\/h5>\n<h5 style=\"text-align: center;\"><strong>\u00a0<\/strong><\/h5>\n<h5 style=\"text-align: center;\"><strong>\u00a0<\/strong><\/h5>\n<h5 style=\"text-align: center;\"><strong>\u00a0<\/strong><\/h5>\n<h5 style=\"text-align: center;\"><strong>\u00a0<\/strong><\/h5>\n<h5 style=\"text-align: center;\">\u00a0<\/h5>\n<h5 style=\"text-align: center;\">\u00a0<\/h5>\n<\/div><\/div>\n","protected":false},"excerpt":{"rendered":"<p>Fr\u00fchlingsgef\u00fchle sind unterwegs im Elbtal &#8212;&#8212;&#8212;&#8212;&#8212;&#8212;&#8212;&#8212;&#8212;&#8212;&#8212;&#8212;&#8212;&#8212;&#8212;&#8212;&#8212;&#8212;&#8212;&#8212;&#8212;&#8212;&#8212; Wir starteten das Jahr mit dem traditionellen Kamingl\u00fchen Anfang Januar. Das ist immer wieder sehr gem\u00fctlich und der Kamin knistert nur so neben fachm\u00e4nnischen Gespr\u00e4chen zum Wein. Die winterlichen Momente sind nun (Gott sei Dank) vorbei und wir erfreuen uns der ersten Sonnenstrahlen. Wie der Wettergott das immer so [&hellip;]<\/p>\n","protected":false},"author":1,"featured_media":0,"parent":0,"menu_order":0,"comment_status":"closed","ping_status":"closed","template":"","meta":{"footnotes":""},"class_list":["post-24","page","type-page","status-publish","hentry"],"_links":{"self":[{"href":"https:\/\/www.weinbaugemeinschaft-diesbar-seusslitz.de\/index.php?rest_route=\/wp\/v2\/pages\/24","targetHints":{"allow":["GET"]}}],"collection":[{"href":"https:\/\/www.weinbaugemeinschaft-diesbar-seusslitz.de\/index.php?rest_route=\/wp\/v2\/pages"}],"about":[{"href":"https:\/\/www.weinbaugemeinschaft-diesbar-seusslitz.de\/index.php?rest_route=\/wp\/v2\/types\/page"}],"author":[{"embeddable":true,"href":"https:\/\/www.weinbaugemeinschaft-diesbar-seusslitz.de\/index.php?rest_route=\/wp\/v2\/users\/1"}],"replies":[{"embeddable":true,"href":"https:\/\/www.weinbaugemeinschaft-diesbar-seusslitz.de\/index.php?rest_route=%2Fwp%2Fv2%2Fcomments&post=24"}],"version-history":[{"count":232,"href":"https:\/\/www.weinbaugemeinschaft-diesbar-seusslitz.de\/index.php?rest_route=\/wp\/v2\/pages\/24\/revisions"}],"predecessor-version":[{"id":788,"href":"https:\/\/www.weinbaugemeinschaft-diesbar-seusslitz.de\/index.php?rest_route=\/wp\/v2\/pages\/24\/revisions\/788"}],"wp:attachment":[{"href":"https:\/\/www.weinbaugemeinschaft-diesbar-seusslitz.de\/index.php?rest_route=%2Fwp%2Fv2%2Fmedia&parent=24"}],"curies":[{"name":"wp","href":"https:\/\/api.w.org\/{rel}","templated":true}]}}