{"id":257,"date":"2014-02-14T10:56:02","date_gmt":"2014-02-14T10:56:02","guid":{"rendered":"http:\/\/www.weinbaugemeinschaft-diesbar-seusslitz.de\/?page_id=257"},"modified":"2025-12-11T11:11:38","modified_gmt":"2025-12-11T11:11:38","slug":"heinrichsburg","status":"publish","type":"page","link":"https:\/\/www.weinbaugemeinschaft-diesbar-seusslitz.de\/?page_id=257","title":{"rendered":"Unsere  Heinrichsburg"},"content":{"rendered":"\n<p>Die Heinrichsburg geh\u00f6rt zu dem Ensemble Seu\u00dflitzer Schloss sowie dazugeh\u00f6rige Parkanlage, Luisenburg und Heinrichsburg. Die Heinrichsburg ist ein einfaches Gartenhaus,. Die Stufen zum Gartenhaus werden von den zw\u00f6lf Monaten in Sandstein verziert. Im Herbst 2020 wurden die Stufen zur Heinrichsburg aufw\u00e4ndig saniert. Die Geschichte sagt, dass das Haus nach dem Grafen Heinrich von B\u00fcnau benannt wurde. Das Seu\u00dflitzer Schlo\u00df wie auch die Heinrichsburg und die Luisenburg wurden nach den Pl\u00e4nen von George B\u00e4hr im Zeitraum zwischen 1725 bis 1726 erbaut. Zu DDR-Zeiten ca. ab 1955 wurde der kleine Saal im Obergeschoss als Kulturobjekt f\u00fcr FDGB-Urlauber genutzt. Seit 2008 wird die Heinrichsburg an die Weinbaugemeinschaft Diesbar-Seu\u00dflitz e.V. verpachtet. Es fungiert als Vereinshaus und dient zu Ausstellungszwecken rund um das Thema Wein. Aktuell wurde die Ausstellung um Informationen zu dem Thema Piwis erweitert. Au\u00dferdem gibt es Informationen zur Trockenmauer und ihre Bauweise. Stolz sind wir au\u00dferdem auf den gr\u00f6\u00dften Korkenzieher der Region. Wenn Sie Lust auf ein witziges Foto haben, sprechen Sie uns an! Wir freuen uns auf Ihren Besuch!<\/p>\n\n\n\n<p>Ge\u00f6ffnet ist unser Vereinshaus immer sonntags ab dem 26.04.2026 von 13 bis 16 Uhr. Es werden Weine unserer regionalen Weing\u00fcter angeboten.<\/p>\n\n\n<p><a href=\"http:\/\/www.weinbaugemeinschaft-diesbar-seusslitz.de\/wp-content\/uploads\/2014\/02\/Collage-HB.jpeg\"><img loading=\"lazy\" decoding=\"async\" class=\"alignnone size-full wp-image-393\" title=\"Collage HB\" src=\"http:\/\/www.weinbaugemeinschaft-diesbar-seusslitz.de\/wp-content\/uploads\/2014\/02\/Collage-HB.jpeg\" alt=\"\" width=\"400\" height=\"640\" srcset=\"https:\/\/www.weinbaugemeinschaft-diesbar-seusslitz.de\/wp-content\/uploads\/2014\/02\/Collage-HB.jpeg 400w, https:\/\/www.weinbaugemeinschaft-diesbar-seusslitz.de\/wp-content\/uploads\/2014\/02\/Collage-HB-187x300.jpg 187w\" sizes=\"auto, (max-width: 400px) 100vw, 400px\" \/><\/a><a href=\"http:\/\/www.weinbaugemeinschaft-diesbar-seusslitz.de\/wp-content\/uploads\/2023\/04\/IMG-20211029-WA0006.jpg\"><img loading=\"lazy\" decoding=\"async\" class=\"wp-image-644  alignleft\" title=\"Collage HB\" src=\"http:\/\/www.weinbaugemeinschaft-diesbar-seusslitz.de\/wp-content\/uploads\/2023\/04\/IMG-20211029-WA0006-300x253.jpg\" alt=\"\" width=\"469\" height=\"395\" srcset=\"https:\/\/www.weinbaugemeinschaft-diesbar-seusslitz.de\/wp-content\/uploads\/2023\/04\/IMG-20211029-WA0006-300x253.jpg 300w, https:\/\/www.weinbaugemeinschaft-diesbar-seusslitz.de\/wp-content\/uploads\/2023\/04\/IMG-20211029-WA0006-1024x863.jpg 1024w, https:\/\/www.weinbaugemeinschaft-diesbar-seusslitz.de\/wp-content\/uploads\/2023\/04\/IMG-20211029-WA0006-768x648.jpg 768w, https:\/\/www.weinbaugemeinschaft-diesbar-seusslitz.de\/wp-content\/uploads\/2023\/04\/IMG-20211029-WA0006-1536x1295.jpg 1536w, https:\/\/www.weinbaugemeinschaft-diesbar-seusslitz.de\/wp-content\/uploads\/2023\/04\/IMG-20211029-WA0006.jpg 1600w\" sizes=\"auto, (max-width: 469px) 100vw, 469px\" \/><\/a><\/p>\n<\/p>\n<p><a href=\"http:\/\/www.weinbaugemeinschaft-diesbar-seusslitz.de\/wp-content\/uploads\/2022\/01\/IMG-20210823-WA0010.jpg\"><img loading=\"lazy\" decoding=\"async\" class=\"wp-image-566 alignleft\" title=\"Collage HB\" src=\"http:\/\/www.weinbaugemeinschaft-diesbar-seusslitz.de\/wp-content\/uploads\/2022\/01\/IMG-20210823-WA0010-225x300.jpg\" alt=\"\" width=\"359\" height=\"479\" srcset=\"https:\/\/www.weinbaugemeinschaft-diesbar-seusslitz.de\/wp-content\/uploads\/2022\/01\/IMG-20210823-WA0010-225x300.jpg 225w, https:\/\/www.weinbaugemeinschaft-diesbar-seusslitz.de\/wp-content\/uploads\/2022\/01\/IMG-20210823-WA0010.jpg 768w\" sizes=\"auto, (max-width: 359px) 100vw, 359px\" \/><\/a><\/p>\n<\/p>\n<\/p>","protected":false},"excerpt":{"rendered":"<p>Die Heinrichsburg geh\u00f6rt zu dem Ensemble Seu\u00dflitzer Schloss sowie dazugeh\u00f6rige Parkanlage, Luisenburg und Heinrichsburg. Die Heinrichsburg ist ein einfaches Gartenhaus,. Die Stufen zum Gartenhaus werden von den zw\u00f6lf Monaten in Sandstein verziert. Im Herbst 2020 wurden die Stufen zur Heinrichsburg aufw\u00e4ndig saniert. Die Geschichte sagt, dass das Haus nach dem Grafen Heinrich von B\u00fcnau benannt [&hellip;]<\/p>\n","protected":false},"author":2,"featured_media":0,"parent":21,"menu_order":0,"comment_status":"closed","ping_status":"closed","template":"","meta":{"footnotes":""},"class_list":["post-257","page","type-page","status-publish","hentry"],"_links":{"self":[{"href":"https:\/\/www.weinbaugemeinschaft-diesbar-seusslitz.de\/index.php?rest_route=\/wp\/v2\/pages\/257","targetHints":{"allow":["GET"]}}],"collection":[{"href":"https:\/\/www.weinbaugemeinschaft-diesbar-seusslitz.de\/index.php?rest_route=\/wp\/v2\/pages"}],"about":[{"href":"https:\/\/www.weinbaugemeinschaft-diesbar-seusslitz.de\/index.php?rest_route=\/wp\/v2\/types\/page"}],"author":[{"embeddable":true,"href":"https:\/\/www.weinbaugemeinschaft-diesbar-seusslitz.de\/index.php?rest_route=\/wp\/v2\/users\/2"}],"replies":[{"embeddable":true,"href":"https:\/\/www.weinbaugemeinschaft-diesbar-seusslitz.de\/index.php?rest_route=%2Fwp%2Fv2%2Fcomments&post=257"}],"version-history":[{"count":8,"href":"https:\/\/www.weinbaugemeinschaft-diesbar-seusslitz.de\/index.php?rest_route=\/wp\/v2\/pages\/257\/revisions"}],"predecessor-version":[{"id":767,"href":"https:\/\/www.weinbaugemeinschaft-diesbar-seusslitz.de\/index.php?rest_route=\/wp\/v2\/pages\/257\/revisions\/767"}],"up":[{"embeddable":true,"href":"https:\/\/www.weinbaugemeinschaft-diesbar-seusslitz.de\/index.php?rest_route=\/wp\/v2\/pages\/21"}],"wp:attachment":[{"href":"https:\/\/www.weinbaugemeinschaft-diesbar-seusslitz.de\/index.php?rest_route=%2Fwp%2Fv2%2Fmedia&parent=257"}],"curies":[{"name":"wp","href":"https:\/\/api.w.org\/{rel}","templated":true}]}}