{"id":29,"date":"2012-03-23T17:06:14","date_gmt":"2012-03-23T17:06:14","guid":{"rendered":"http:\/\/weinbaugemeinschaft-diesbar-seusslitz.de\/?page_id=29"},"modified":"2025-12-11T11:14:04","modified_gmt":"2025-12-11T11:14:04","slug":"weinkonigin","status":"publish","type":"page","link":"https:\/\/www.weinbaugemeinschaft-diesbar-seusslitz.de\/?page_id=29","title":{"rendered":"Unsere Ortsweink\u00f6nigin Kim I. und Bacchus Thomas I."},"content":{"rendered":"\n<p><strong>Liebe Winzer und Winzerinnen, liebe Besucher unserer Homepage,<\/strong><\/p>\n\n\n\n<p>unsere neue 25. Ortsweink\u00f6nigin kommt aus Neuseu\u00dflitz und hei\u00dft Kim I. Sie wurde dieses Jahr zur 25. Federwei\u00dfermeile gekr\u00f6nt. Unser Bacchus Thomas I. wurde ebenso in sein Amt berufen. Wir freuen uns auf viele sch\u00f6ne Veranstaltungen mit den beiden. Weitere Informationen folgen in K\u00fcrze.<\/p>\n\n\n\n<p><br><\/p>\n\n\n\n<figure class=\"wp-block-image size-large\"><a href=\"https:\/\/www.weinbaugemeinschaft-diesbar-seusslitz.de\/wp-content\/uploads\/2025\/12\/Screenshot_20250902_130207_Drive.jpg\"><img loading=\"lazy\" decoding=\"async\" width=\"733\" height=\"1024\" src=\"https:\/\/www.weinbaugemeinschaft-diesbar-seusslitz.de\/wp-content\/uploads\/2025\/12\/Screenshot_20250902_130207_Drive-733x1024.jpg\" alt=\"\" class=\"wp-image-768\" srcset=\"https:\/\/www.weinbaugemeinschaft-diesbar-seusslitz.de\/wp-content\/uploads\/2025\/12\/Screenshot_20250902_130207_Drive-733x1024.jpg 733w, https:\/\/www.weinbaugemeinschaft-diesbar-seusslitz.de\/wp-content\/uploads\/2025\/12\/Screenshot_20250902_130207_Drive-215x300.jpg 215w, https:\/\/www.weinbaugemeinschaft-diesbar-seusslitz.de\/wp-content\/uploads\/2025\/12\/Screenshot_20250902_130207_Drive-768x1073.jpg 768w, https:\/\/www.weinbaugemeinschaft-diesbar-seusslitz.de\/wp-content\/uploads\/2025\/12\/Screenshot_20250902_130207_Drive.jpg 963w\" sizes=\"auto, (max-width: 733px) 100vw, 733px\" \/><\/a><\/figure>\n\n\n\n<div class=\"wp-block-group\"><div class=\"wp-block-group__inner-container is-layout-flow wp-block-group-is-layout-flow\"><\/div><\/div>\n","protected":false},"excerpt":{"rendered":"<p>Liebe Winzer und Winzerinnen, liebe Besucher unserer Homepage, unsere neue 25. Ortsweink\u00f6nigin kommt aus Neuseu\u00dflitz und hei\u00dft Kim I. Sie wurde dieses Jahr zur 25. Federwei\u00dfermeile gekr\u00f6nt. Unser Bacchus Thomas I. wurde ebenso in sein Amt berufen. Wir freuen uns auf viele sch\u00f6ne Veranstaltungen mit den beiden. Weitere Informationen folgen in K\u00fcrze.<\/p>\n","protected":false},"author":1,"featured_media":0,"parent":0,"menu_order":23,"comment_status":"closed","ping_status":"closed","template":"","meta":{"footnotes":""},"class_list":["post-29","page","type-page","status-publish","hentry"],"_links":{"self":[{"href":"https:\/\/www.weinbaugemeinschaft-diesbar-seusslitz.de\/index.php?rest_route=\/wp\/v2\/pages\/29","targetHints":{"allow":["GET"]}}],"collection":[{"href":"https:\/\/www.weinbaugemeinschaft-diesbar-seusslitz.de\/index.php?rest_route=\/wp\/v2\/pages"}],"about":[{"href":"https:\/\/www.weinbaugemeinschaft-diesbar-seusslitz.de\/index.php?rest_route=\/wp\/v2\/types\/page"}],"author":[{"embeddable":true,"href":"https:\/\/www.weinbaugemeinschaft-diesbar-seusslitz.de\/index.php?rest_route=\/wp\/v2\/users\/1"}],"replies":[{"embeddable":true,"href":"https:\/\/www.weinbaugemeinschaft-diesbar-seusslitz.de\/index.php?rest_route=%2Fwp%2Fv2%2Fcomments&post=29"}],"version-history":[{"count":42,"href":"https:\/\/www.weinbaugemeinschaft-diesbar-seusslitz.de\/index.php?rest_route=\/wp\/v2\/pages\/29\/revisions"}],"predecessor-version":[{"id":770,"href":"https:\/\/www.weinbaugemeinschaft-diesbar-seusslitz.de\/index.php?rest_route=\/wp\/v2\/pages\/29\/revisions\/770"}],"wp:attachment":[{"href":"https:\/\/www.weinbaugemeinschaft-diesbar-seusslitz.de\/index.php?rest_route=%2Fwp%2Fv2%2Fmedia&parent=29"}],"curies":[{"name":"wp","href":"https:\/\/api.w.org\/{rel}","templated":true}]}}