{"id":402,"date":"2018-01-21T11:07:34","date_gmt":"2018-01-21T11:07:34","guid":{"rendered":"http:\/\/www.weinbaugemeinschaft-diesbar-seusslitz.de\/?page_id=402"},"modified":"2025-12-11T11:10:11","modified_gmt":"2025-12-11T11:10:11","slug":"winzerinnenchor","status":"publish","type":"page","link":"https:\/\/www.weinbaugemeinschaft-diesbar-seusslitz.de\/?page_id=402","title":{"rendered":"Winzerchor"},"content":{"rendered":"<p style=\"text-align: left;\"><strong>Zur Geschichte des Winzerchores Diesbar-Seu\u00dflitz<\/strong><\/p>\n<p style=\"text-align: left;\">Im Jahre 1993 suchte der Entertainer Gunther Emmerlich nach ehemaligen Weink\u00f6niginnen der Region, um durch sie das \u201e Seu\u00dflitzer Winzerlied\u201c Worte und Weise: F\u00f6rster Eckart in einer Sendung des MDR vorstellen zu lassen. Damit dies nicht zu einem Fiasko geraten sollte, suchten sich die Frauen Unterst\u00fctzung bei Herrn Karl Richter, der das Lied nun flei\u00dfig mit ihnen probte. Bei der Ausstrahlung stellte man dann allerdings fest, dass ein Doublechor zu h\u00f6ren und die ehemaligen Majest\u00e4ten lediglich zu sehen waren.<\/p>\n<p style=\"text-align: left;\">Das gemeinsame Singen f\u00fchrte 1994 zur Gr\u00fcndung unseres Chores, den Karl Richter bis zu seinem Ableben im Januar 2009 mit gro\u00dfem Engagement leitete. Zum Repertoire geh\u00f6ren Volkslieder rund um Wein, Weib und Gesang, aber auch anspruchsvolleres Liedgut.<\/p>\n<p style=\"text-align: left;\">Heute besteht unser Chor aus 14 aktiven S\u00e4ngerinnen mit drei Stimmlagen aus der Gegend zwischen Strehla und Niesch\u00fctz. Bei Konzerten in der Seu\u00dflitzer Kirche hat sich in den letzten Jahren die Zusammenarbeit mit dem\u00a0 Fl\u00f6tenkreis unserer Kirchgemeinde bew\u00e4hrt.<\/p>\n<p style=\"text-align: left;\">Unsere Proben finden, wie immer dienstags von 18.30 Uhr bis 20.00 Uhr, in der Seniorenresidenz Merschwitz statt.<\/p>\n<p>Im Jahr 2023 mussten wir uns leider von zwei pr\u00e4genden Pers\u00f6nlichkeiten f\u00fcr unseren Winzerchor und unserem Verein verabschieden: Zum Einen von Gr\u00fcndungsmitglied Gudrun Reichardt und zum Anderen von Gunter Emmerlich. Gunter Emmerlich gab den Auftakt mit seiner MDR Sendung &#8220; Zauberhafte Heimat&#8220; den Ausschlag f\u00fcr die Gr\u00fcndung des Chores vor nunmehr 30 Jahren. Zum unserem 25-J\u00e4hrigen Jubil\u00e4um durften wir ihn noch als Ehrengast begr\u00fc\u00dfen.<\/p>\n<p style=\"text-align: left;\">Zu guter Letzt noch Werbung in eigener Sache: Gerne sind Zuh\u00f6rer zum Schnuppern jederzeit herzlich willkommen.<\/p>\n<p style=\"text-align: left;\">Wer Spa\u00df am Singen hat, ist uns jederzeit zum Zuh\u00f6ren oder (noch besser!) Mitmachen herzlich willkommen.<\/p>\n<div>\u00a0<\/div>\n<p>Kontakt \u00fcber: <a href=\"mailto:traudel.tannert@web.de\">traudel.tannert@web.de<\/a><\/p>\n<p>1.Foto: Unser Winzerchor im Schlo\u00df Proschwitz<\/p>\n<p>2.Foto:Wir singen im Schlo\u00dfpark zu Seu\u00dflitz<\/p>\n<p><a href=\"http:\/\/www.weinbaugemeinschaft-diesbar-seusslitz.de\/wp-content\/uploads\/2018\/01\/Winzerchor2-e1519539601463.jpg\"><img loading=\"lazy\" decoding=\"async\" class=\"wp-image-425 size-medium\" src=\"http:\/\/www.weinbaugemeinschaft-diesbar-seusslitz.de\/wp-content\/uploads\/2018\/01\/Winzerchor2-e1519539601463-210x300.jpg\" alt=\"\" width=\"210\" height=\"300\" srcset=\"https:\/\/www.weinbaugemeinschaft-diesbar-seusslitz.de\/wp-content\/uploads\/2018\/01\/Winzerchor2-e1519539601463-210x300.jpg 210w, https:\/\/www.weinbaugemeinschaft-diesbar-seusslitz.de\/wp-content\/uploads\/2018\/01\/Winzerchor2-e1519539601463-768x1098.jpg 768w, https:\/\/www.weinbaugemeinschaft-diesbar-seusslitz.de\/wp-content\/uploads\/2018\/01\/Winzerchor2-e1519539601463-716x1024.jpg 716w, https:\/\/www.weinbaugemeinschaft-diesbar-seusslitz.de\/wp-content\/uploads\/2018\/01\/Winzerchor2-e1519539601463.jpg 1209w\" sizes=\"auto, (max-width: 210px) 100vw, 210px\" \/><\/a><\/p>\n<p><a href=\"http:\/\/www.weinbaugemeinschaft-diesbar-seusslitz.de\/wp-content\/uploads\/2018\/03\/IMG_4074.jpg\"><img loading=\"lazy\" decoding=\"async\" class=\"wp-image-442\" src=\"http:\/\/www.weinbaugemeinschaft-diesbar-seusslitz.de\/wp-content\/uploads\/2018\/03\/IMG_4074-300x169.jpg\" alt=\"\" width=\"564\" height=\"318\" srcset=\"https:\/\/www.weinbaugemeinschaft-diesbar-seusslitz.de\/wp-content\/uploads\/2018\/03\/IMG_4074-300x169.jpg 300w, https:\/\/www.weinbaugemeinschaft-diesbar-seusslitz.de\/wp-content\/uploads\/2018\/03\/IMG_4074-768x432.jpg 768w, https:\/\/www.weinbaugemeinschaft-diesbar-seusslitz.de\/wp-content\/uploads\/2018\/03\/IMG_4074-1024x576.jpg 1024w\" sizes=\"auto, (max-width: 564px) 100vw, 564px\" \/><\/a><\/p>\n\n\n&#8222;Wir zusammen mit Gunter Emmerlich im Haus des Gastes&#8220;\n\n\n<div class=\"wp-block-image is-style-default\">\n<figure class=\"alignleft size-full is-resized\"><img loading=\"lazy\" decoding=\"async\" width=\"840\" height=\"866\" src=\"http:\/\/www.weinbaugemeinschaft-diesbar-seusslitz.de\/wp-content\/uploads\/2024\/01\/b544555d-a4b3-4e99-afb2-55198d98d48a-2.jpg\" alt=\"\" class=\"wp-image-679\" style=\"width:280px;height:287px\" srcset=\"https:\/\/www.weinbaugemeinschaft-diesbar-seusslitz.de\/wp-content\/uploads\/2024\/01\/b544555d-a4b3-4e99-afb2-55198d98d48a-2.jpg 840w, https:\/\/www.weinbaugemeinschaft-diesbar-seusslitz.de\/wp-content\/uploads\/2024\/01\/b544555d-a4b3-4e99-afb2-55198d98d48a-2-291x300.jpg 291w, https:\/\/www.weinbaugemeinschaft-diesbar-seusslitz.de\/wp-content\/uploads\/2024\/01\/b544555d-a4b3-4e99-afb2-55198d98d48a-2-768x792.jpg 768w\" sizes=\"auto, (max-width: 840px) 100vw, 840px\" \/><figcaption class=\"wp-element-caption\">Im Gespr\u00e4ch.<br><\/figcaption><\/figure><\/div>\n\n\n<div class=\"wp-block-cover aligncenter is-light\"><img loading=\"lazy\" decoding=\"async\" width=\"1024\" height=\"768\" class=\"wp-block-cover__image-background wp-image-680\" alt=\"\" src=\"http:\/\/www.weinbaugemeinschaft-diesbar-seusslitz.de\/wp-content\/uploads\/2024\/01\/ce2e8de8-1b5d-43d2-a0ec-9803583615a6-1024x768.jpg\" data-object-fit=\"cover\" srcset=\"https:\/\/www.weinbaugemeinschaft-diesbar-seusslitz.de\/wp-content\/uploads\/2024\/01\/ce2e8de8-1b5d-43d2-a0ec-9803583615a6-1024x768.jpg 1024w, https:\/\/www.weinbaugemeinschaft-diesbar-seusslitz.de\/wp-content\/uploads\/2024\/01\/ce2e8de8-1b5d-43d2-a0ec-9803583615a6-300x225.jpg 300w, https:\/\/www.weinbaugemeinschaft-diesbar-seusslitz.de\/wp-content\/uploads\/2024\/01\/ce2e8de8-1b5d-43d2-a0ec-9803583615a6-768x576.jpg 768w, https:\/\/www.weinbaugemeinschaft-diesbar-seusslitz.de\/wp-content\/uploads\/2024\/01\/ce2e8de8-1b5d-43d2-a0ec-9803583615a6.jpg 1168w\" sizes=\"auto, (max-width: 1024px) 100vw, 1024px\" \/><span aria-hidden=\"true\" class=\"wp-block-cover__background has-background-dim\"><\/span><div class=\"wp-block-cover__inner-container is-layout-flow wp-block-cover-is-layout-flow\">\n<p class=\"has-large-font-size\"><br><\/p>\n<\/div><\/div>\n\n\n\n<p>Unser Gr\u00fcndungsmitglied Gudrun Reichardt mit Gunter Emmerlich.<\/p>\n\n\n\n<figure class=\"wp-block-gallery has-nested-images columns-default is-cropped wp-block-gallery-1 is-layout-flex wp-block-gallery-is-layout-flex\">\n<figure class=\"wp-block-image size-large\"><a href=\"http:\/\/www.weinbaugemeinschaft-diesbar-seusslitz.de\/wp-content\/uploads\/2024\/10\/1000079386.jpg\"><img loading=\"lazy\" decoding=\"async\" width=\"1024\" height=\"472\" data-id=\"710\" src=\"http:\/\/www.weinbaugemeinschaft-diesbar-seusslitz.de\/wp-content\/uploads\/2024\/10\/1000079386-1024x472.jpg\" alt=\"\" class=\"wp-image-710\" srcset=\"https:\/\/www.weinbaugemeinschaft-diesbar-seusslitz.de\/wp-content\/uploads\/2024\/10\/1000079386-1024x472.jpg 1024w, https:\/\/www.weinbaugemeinschaft-diesbar-seusslitz.de\/wp-content\/uploads\/2024\/10\/1000079386-300x138.jpg 300w, https:\/\/www.weinbaugemeinschaft-diesbar-seusslitz.de\/wp-content\/uploads\/2024\/10\/1000079386-768x354.jpg 768w, https:\/\/www.weinbaugemeinschaft-diesbar-seusslitz.de\/wp-content\/uploads\/2024\/10\/1000079386-1536x707.jpg 1536w, https:\/\/www.weinbaugemeinschaft-diesbar-seusslitz.de\/wp-content\/uploads\/2024\/10\/1000079386.jpg 1824w\" sizes=\"auto, (max-width: 1024px) 100vw, 1024px\" \/><\/a><figcaption class=\"wp-element-caption\">Schloss Tiefenau mit S\u00e4chsischer Weinprinzessin Antje I.<\/figcaption><\/figure>\n<\/figure>\n","protected":false},"excerpt":{"rendered":"<p>Zur Geschichte des Winzerchores Diesbar-Seu\u00dflitz Im Jahre 1993 suchte der Entertainer Gunther Emmerlich nach ehemaligen Weink\u00f6niginnen der Region, um durch sie das \u201e Seu\u00dflitzer Winzerlied\u201c Worte und Weise: F\u00f6rster Eckart in einer Sendung des MDR vorstellen zu lassen. Damit dies nicht zu einem Fiasko geraten sollte, suchten sich die Frauen Unterst\u00fctzung bei Herrn Karl Richter, [&hellip;]<\/p>\n","protected":false},"author":3,"featured_media":0,"parent":0,"menu_order":0,"comment_status":"closed","ping_status":"closed","template":"","meta":{"footnotes":""},"class_list":["post-402","page","type-page","status-publish","hentry"],"_links":{"self":[{"href":"https:\/\/www.weinbaugemeinschaft-diesbar-seusslitz.de\/index.php?rest_route=\/wp\/v2\/pages\/402","targetHints":{"allow":["GET"]}}],"collection":[{"href":"https:\/\/www.weinbaugemeinschaft-diesbar-seusslitz.de\/index.php?rest_route=\/wp\/v2\/pages"}],"about":[{"href":"https:\/\/www.weinbaugemeinschaft-diesbar-seusslitz.de\/index.php?rest_route=\/wp\/v2\/types\/page"}],"author":[{"embeddable":true,"href":"https:\/\/www.weinbaugemeinschaft-diesbar-seusslitz.de\/index.php?rest_route=\/wp\/v2\/users\/3"}],"replies":[{"embeddable":true,"href":"https:\/\/www.weinbaugemeinschaft-diesbar-seusslitz.de\/index.php?rest_route=%2Fwp%2Fv2%2Fcomments&post=402"}],"version-history":[{"count":16,"href":"https:\/\/www.weinbaugemeinschaft-diesbar-seusslitz.de\/index.php?rest_route=\/wp\/v2\/pages\/402\/revisions"}],"predecessor-version":[{"id":766,"href":"https:\/\/www.weinbaugemeinschaft-diesbar-seusslitz.de\/index.php?rest_route=\/wp\/v2\/pages\/402\/revisions\/766"}],"wp:attachment":[{"href":"https:\/\/www.weinbaugemeinschaft-diesbar-seusslitz.de\/index.php?rest_route=%2Fwp%2Fv2%2Fmedia&parent=402"}],"curies":[{"name":"wp","href":"https:\/\/api.w.org\/{rel}","templated":true}]}}