{"id":427,"date":"2018-02-25T06:41:26","date_gmt":"2018-02-25T06:41:26","guid":{"rendered":"http:\/\/www.weinbaugemeinschaft-diesbar-seusslitz.de\/?page_id=427"},"modified":"2026-03-06T21:31:21","modified_gmt":"2026-03-06T21:31:21","slug":"termine-des-winzerchores-diesbar-seusslitz-fuer-das-chorjahr-2018","status":"publish","type":"page","link":"https:\/\/www.weinbaugemeinschaft-diesbar-seusslitz.de\/?page_id=427","title":{"rendered":"Termine des Winzerchores Diesbar-Seu\u00dflitz f\u00fcr das Jahr 2026"},"content":{"rendered":"<h5 style=\"text-align: center;\"><span style=\"color: #ffffff;\">und f\u00fcr die Damen<\/span><\/h5>\n<h5><em><strong>Wichtige Information\u00a0<\/strong><\/em><\/h5>\n<div><u>Im Plan haben wir\u00a0bisher folgende Dinge:<\/u><\/div>\n<div>\u00a0<\/div>\n<div>18.03. Osterbasteln mit Chor im LGH Zum Ro\u00df, Beginn 14 Uhr<\/div>\n<div>25.05. Waldgottesdienst vormittags im Golkwald<\/div>\n<div>07.06. Weinberggottesdienst bei Familie Ulrich, Beginn 17 Uhr<\/div>\n<div>18.07. 90 Jahre Weinbaugemeinschaft Diesbar-Seu\u00dflitz<\/div>\n<div>12.09. Er\u00f6ffnung Federwei\u00dfermeile, LGH Zum Ro\u00df Start 14 Uhr<\/div>\n<div>04.12. Weihnachtssingen Weinbaugemeinschaft , Beginn 17Uhr<\/div>\n<div>13.12. Adventssingen Kirche in Seu\u00dflitz, Beginn 15 Uhr<\/div>\n<p style=\"text-align: center;\"><strong>\u00a0<\/strong><\/p>\n<p style=\"text-align: center;\"><strong>\u00a0<\/strong><\/p>\n<p style=\"text-align: center;\">(\u00c4nderungen sind nicht ausgeschlossen!)<\/p>\n\n\n<p><\/p>\n","protected":false},"excerpt":{"rendered":"<p>und f\u00fcr die Damen Wichtige Information\u00a0 Im Plan haben wir\u00a0bisher folgende Dinge: \u00a0 18.03. Osterbasteln mit Chor im LGH Zum Ro\u00df, Beginn 14 Uhr 25.05. Waldgottesdienst vormittags im Golkwald 07.06. Weinberggottesdienst bei Familie Ulrich, Beginn 17 Uhr 18.07. 90 Jahre Weinbaugemeinschaft Diesbar-Seu\u00dflitz 12.09. Er\u00f6ffnung Federwei\u00dfermeile, LGH Zum Ro\u00df Start 14 Uhr 04.12. Weihnachtssingen Weinbaugemeinschaft , [&hellip;]<\/p>\n","protected":false},"author":3,"featured_media":0,"parent":402,"menu_order":1,"comment_status":"closed","ping_status":"closed","template":"","meta":{"footnotes":""},"class_list":["post-427","page","type-page","status-publish","hentry"],"_links":{"self":[{"href":"https:\/\/www.weinbaugemeinschaft-diesbar-seusslitz.de\/index.php?rest_route=\/wp\/v2\/pages\/427","targetHints":{"allow":["GET"]}}],"collection":[{"href":"https:\/\/www.weinbaugemeinschaft-diesbar-seusslitz.de\/index.php?rest_route=\/wp\/v2\/pages"}],"about":[{"href":"https:\/\/www.weinbaugemeinschaft-diesbar-seusslitz.de\/index.php?rest_route=\/wp\/v2\/types\/page"}],"author":[{"embeddable":true,"href":"https:\/\/www.weinbaugemeinschaft-diesbar-seusslitz.de\/index.php?rest_route=\/wp\/v2\/users\/3"}],"replies":[{"embeddable":true,"href":"https:\/\/www.weinbaugemeinschaft-diesbar-seusslitz.de\/index.php?rest_route=%2Fwp%2Fv2%2Fcomments&post=427"}],"version-history":[{"count":22,"href":"https:\/\/www.weinbaugemeinschaft-diesbar-seusslitz.de\/index.php?rest_route=\/wp\/v2\/pages\/427\/revisions"}],"predecessor-version":[{"id":776,"href":"https:\/\/www.weinbaugemeinschaft-diesbar-seusslitz.de\/index.php?rest_route=\/wp\/v2\/pages\/427\/revisions\/776"}],"up":[{"embeddable":true,"href":"https:\/\/www.weinbaugemeinschaft-diesbar-seusslitz.de\/index.php?rest_route=\/wp\/v2\/pages\/402"}],"wp:attachment":[{"href":"https:\/\/www.weinbaugemeinschaft-diesbar-seusslitz.de\/index.php?rest_route=%2Fwp%2Fv2%2Fmedia&parent=427"}],"curies":[{"name":"wp","href":"https:\/\/api.w.org\/{rel}","templated":true}]}}