{"id":8,"date":"2012-03-19T19:02:51","date_gmt":"2012-03-19T19:02:51","guid":{"rendered":"http:\/\/weinbaugemeinschaft-diesbar-seusslitz.de\/?page_id=8"},"modified":"2026-03-06T21:33:14","modified_gmt":"2026-03-06T21:33:14","slug":"veranstaltungskalender","status":"publish","type":"page","link":"https:\/\/www.weinbaugemeinschaft-diesbar-seusslitz.de\/?page_id=8","title":{"rendered":"Veranstaltungsplan"},"content":{"rendered":"<h1><span style=\"color: #000000; text-decoration: underline;\">Veranstaltungsplan f\u00fcr 2026<em><strong><br \/><\/strong><\/em><\/span><\/h1>\n<h5 style=\"text-align: center;\">\u00a0<\/h5>\n<p>31.01.-01.02. Reisemesse Dresden &#8211; In Zusammenarbeit mit dem Elbe-R\u00f6der-Dreieck<\/p>\n<p>07.\/08.02.\u00a0 \u00a0 \u00a04. Gl\u00fchweinmeile in Diesbar-Seu\u00dflitz,<\/p>\n<p>\u00a0 \u00a0 \u00a0 \u00a0 \u00a0 \u00a0 \u00a0 \u00a0 \u00a0 \u00a0 \u00a0 \u00a0Ausschank Heinrichsburg<\/p>\n<p>\u00a0 \u00a0 \u00a0 \u00a0 \u00a0 \u00a0 \u00a0 \u00a0 \u00a0 \u00a0 \u00a0 \u00a0(Samstag und Sonntag jeweils 12-18 Uhr)<\/p>\n<p>14.02.\u00a0 \u00a0 \u00a0 \u00a0 \u00a0 \u00a0 Rebschnittschulung mit Ronny Koch<\/p>\n<p>\u00a0 \u00a0 \u00a0 \u00a0 \u00a0 \u00a0 \u00a0 \u00a0 \u00a0 \u00a0 \u00a0 \u00a0Start: 10 Uhr am Landgasthof Zum Ro\u00df, <strong>Unkostenbeitrag 2\u20ac<\/strong><\/p>\n<p>26.04.\u00a0 \u00a0 \u00a0 \u00a0 \u00a0 \u00a0S\u00e4chsischer Weinwandertag + Er\u00f6ffnung der Saison auf<\/p>\n<p>\u00a0 \u00a0 \u00a0 \u00a0 \u00a0 \u00a0 \u00a0 \u00a0 \u00a0 \u00a0 \u00a0 \u00a0der Heinrichsburg (Start: 10 Uhr)<\/p>\n<p>14.05.\u00a0 \u00a0 \u00a0 \u00a0 \u00a0 \u00a03. Weinfr\u00fchling zum Himmelfahrtstag in Diesbar-Seu\u00dflitz<\/p>\n<p>\u00a0 \u00a0 \u00a0 \u00a0 \u00a0 \u00a0 \u00a0 \u00a0 \u00a0 \u00a0 \u00a0 (alle Strau\u00dfenwirtschaften, Weing\u00fcter und Restaurants \u00f6ffnen ihre Pforten)<\/p>\n<p>\u00a0 \u00a0 \u00a0 \u00a0 \u00a0 \u00a0 \u00a0 \u00a0 \u00a0 \u00a0 \u00a0 Zeit: 11-16 Uhr<\/p>\n<p>29.\/30.08.\u00a0 \u00a0Tag des offenen Weingutes<\/p>\n<p>12.\/13.09.\u00a0 \u00a0 Federwei\u00dfermeile in Diesbar-Seu\u00dflitz<\/p>\n<p>\u00a0 \u00a0 \u00a0 \u00a0 \u00a0 \u00a0 \u00a0 \u00a0 \u00a0 \u00a0 \u00a0 \u00a0Ausschank Heinrichsburg<\/p>\n<p>\u00a0 \u00a0 \u00a0 \u00a0 \u00a0 \u00a0 \u00a0 \u00a0 \u00a0 \u00a0 \u00a0 \u00a0(Samstag und Sonntag jeweils 12-18 Uhr)<\/p>\n<p style=\"text-align: center;\"><em><strong>\u00a0 \u00a0 \u00a0 \u00a0 \u00a0 \u00a0 \u00a0 \u00a0 \u00a0 \u00a0 \u00a0 \u00a0 \u00a0 \u00a0<\/strong><\/em><\/p>\n<p>Eine Flasche Wein ist die ultimative Destillation von Zeit und Ort; ein poetischer Ausdruck der Individualit\u00e4t selbst.<\/p>\n<p style=\"text-align: center;\"><cite><strong>Amor Towles,\u00a0<\/strong>A Gentleman in Moscow<\/cite><\/p>\n<p style=\"text-align: center;\"><span style=\"color: #008000;\"><strong><span style=\"text-decoration: underline;\"><em>\u00a0<\/em><\/span><\/strong><\/span><\/p>\n\n\n<p><\/p>\n","protected":false},"excerpt":{"rendered":"<p>Veranstaltungsplan f\u00fcr 2026 \u00a0 31.01.-01.02. Reisemesse Dresden &#8211; In Zusammenarbeit mit dem Elbe-R\u00f6der-Dreieck 07.\/08.02.\u00a0 \u00a0 \u00a04. Gl\u00fchweinmeile in Diesbar-Seu\u00dflitz, \u00a0 \u00a0 \u00a0 \u00a0 \u00a0 \u00a0 \u00a0 \u00a0 \u00a0 \u00a0 \u00a0 \u00a0Ausschank Heinrichsburg \u00a0 \u00a0 \u00a0 \u00a0 \u00a0 \u00a0 \u00a0 \u00a0 \u00a0 \u00a0 \u00a0 \u00a0(Samstag und Sonntag jeweils 12-18 Uhr) 14.02.\u00a0 \u00a0 \u00a0 \u00a0 \u00a0 \u00a0 [&hellip;]<\/p>\n","protected":false},"author":1,"featured_media":0,"parent":0,"menu_order":20,"comment_status":"closed","ping_status":"closed","template":"","meta":{"footnotes":""},"class_list":["post-8","page","type-page","status-publish","hentry"],"_links":{"self":[{"href":"https:\/\/www.weinbaugemeinschaft-diesbar-seusslitz.de\/index.php?rest_route=\/wp\/v2\/pages\/8","targetHints":{"allow":["GET"]}}],"collection":[{"href":"https:\/\/www.weinbaugemeinschaft-diesbar-seusslitz.de\/index.php?rest_route=\/wp\/v2\/pages"}],"about":[{"href":"https:\/\/www.weinbaugemeinschaft-diesbar-seusslitz.de\/index.php?rest_route=\/wp\/v2\/types\/page"}],"author":[{"embeddable":true,"href":"https:\/\/www.weinbaugemeinschaft-diesbar-seusslitz.de\/index.php?rest_route=\/wp\/v2\/users\/1"}],"replies":[{"embeddable":true,"href":"https:\/\/www.weinbaugemeinschaft-diesbar-seusslitz.de\/index.php?rest_route=%2Fwp%2Fv2%2Fcomments&post=8"}],"version-history":[{"count":98,"href":"https:\/\/www.weinbaugemeinschaft-diesbar-seusslitz.de\/index.php?rest_route=\/wp\/v2\/pages\/8\/revisions"}],"predecessor-version":[{"id":777,"href":"https:\/\/www.weinbaugemeinschaft-diesbar-seusslitz.de\/index.php?rest_route=\/wp\/v2\/pages\/8\/revisions\/777"}],"wp:attachment":[{"href":"https:\/\/www.weinbaugemeinschaft-diesbar-seusslitz.de\/index.php?rest_route=%2Fwp%2Fv2%2Fmedia&parent=8"}],"curies":[{"name":"wp","href":"https:\/\/api.w.org\/{rel}","templated":true}]}}